{"id":37791,"date":"2024-04-28T19:02:34","date_gmt":"2024-04-28T19:02:34","guid":{"rendered":"https:\/\/theme-dev.cmsmasters.net\/archdeco\/?page_id=37791"},"modified":"2024-11-20T01:22:19","modified_gmt":"2024-11-20T00:22:19","slug":"our-projects","status":"publish","type":"page","link":"https:\/\/biennale.skyads.pl\/?page_id=37791","title":{"rendered":"Our Projects"},"content":{"rendered":"\t\t<div data-elementor-type=\"wp-page\" data-elementor-id=\"37791\" class=\"elementor elementor-37791\">\n\t\t\t\t<div class=\"elementor-element elementor-element-8c0305a e-con-full e-flex cmsmasters-block-default e-con e-parent\" data-id=\"8c0305a\" data-element_type=\"container\">\n\t\t<div class=\"elementor-element elementor-element-f4aad70 e-con-full e-flex cmsmasters-bg-hide-none cmsmasters-bg-hide-none cmsmasters-block-default e-con e-child\" data-id=\"f4aad70\" data-element_type=\"container\" data-settings=\"{&quot;background_background&quot;:&quot;classic&quot;}\">\n\t\t\t\t<div class=\"elementor-element elementor-element-90eae9f cmsmasters-block-default cmsmasters-sticky-default elementor-widget elementor-widget-heading\" data-id=\"90eae9f\" data-element_type=\"widget\" data-widget_type=\"heading.default\">\n\t\t\t\t<div class=\"elementor-widget-container\">\n\t\t\t<h1 class=\"elementor-heading-title elementor-size-default\">Prace, kt\u00f3re JU\u017b WIDZIELI\u015aMY<\/h1>\t\t<\/div>\n\t\t\t\t<\/div>\n\t\t\t\t<div class=\"elementor-element elementor-element-43da971 elementor-widget__width-initial cmsmasters-block-default cmsmasters-sticky-default elementor-widget elementor-widget-text-editor\" data-id=\"43da971\" data-element_type=\"widget\" data-widget_type=\"text-editor.default\">\n\t\t\t\t<div class=\"elementor-widget-container\">\n\t\t\t\t\t\t\t<p>Biennale Piotrk\u00f3w to przestrze\u0144, w kt\u00f3rej sztuka wsp\u00f3\u0142czesna spotyka si\u0119 z refleksj\u0105 nad najwa\u017cniejszymi zagadnieniami naszych czas\u00f3w. Ka\u017cda edycja festiwalu gromadzi prace artyst\u00f3w z r\u00f3\u017cnych zak\u0105tk\u00f3w \u015bwiata, prezentuj\u0105c r\u00f3\u017cnorodne spojrzenia na kluczowe tematy spo\u0142eczne, filozoficzne i kulturowe.<\/p><p>Poznaj artystyczn\u0105 r\u00f3\u017cnorodno\u015b\u0107, kt\u00f3ra buduje to\u017csamo\u015b\u0107 Biennale Piotrk\u00f3w, inspiruj\u0105c do dyskusji i otwieraj\u0105c nowe drogi interpretacji wsp\u00f3\u0142czesnego \u015bwiata. Odkryj nagrodzone dzie\u0142a i zanurz si\u0119 w niepowtarzalnej atmosferze piotrkowskiego Festiwalu Biennale!<\/p>\t\t\t\t\t\t<\/div>\n\t\t\t\t<\/div>\n\t\t\t\t<\/div>\n\t\t<div class=\"elementor-element elementor-element-3127189 e-con-full e-flex cmsmasters-bg-hide-none cmsmasters-bg-hide-none cmsmasters-block-default e-con e-child\" data-id=\"3127189\" data-element_type=\"container\" data-settings=\"{&quot;background_background&quot;:&quot;classic&quot;}\">\n\t\t\t\t<div class=\"elementor-element elementor-element-e7f5890 elementor-widget__width-initial elementor-absolute elementor-hidden-tablet elementor-hidden-mobile cmsmasters-block-default cmsmasters-sticky-default elementor-widget elementor-widget-image\" data-id=\"e7f5890\" data-element_type=\"widget\" data-settings=\"{&quot;_position&quot;:&quot;absolute&quot;}\" data-widget_type=\"image.default\">\n\t\t\t\t<div class=\"elementor-widget-container\">\n\t\t\t\t\t\t\t\t\t\t\t\t\t<img fetchpriority=\"high\" decoding=\"async\" width=\"252\" height=\"252\" src=\"https:\/\/biennale.skyads.pl\/wp-content\/uploads\/2024\/11\/logo.svg\" class=\"attachment-large size-large wp-image-40657\" alt=\"\">\t\t\t\t\t\t\t\t\t\t\t\t\t<\/div>\n\t\t\t\t<\/div>\n\t\t\t\t<\/div>\n\t\t\t\t<\/div>\n\t\t<div class=\"elementor-element elementor-element-33f8686 e-flex e-con-boxed cmsmasters-block-default e-con e-parent\" data-id=\"33f8686\" data-element_type=\"container\">\n\t\t\t\t\t<div class=\"e-con-inner\">\n\t\t\t\t<div class=\"elementor-element elementor-element-d6900c4 cmsmasters-blog--layout-custom cmsmasters-blog-grid-marker__marker-icon cmsmasters-pagination--pagination cmsmasters-pagination-pagination-type--numbers_and_prev_next cmsmasters-block-default cmsmasters-sticky-default elementor-widget elementor-widget-cmsmasters-blog-grid elementor-widget-cmsmasters-blog-similar\" data-id=\"d6900c4\" data-element_type=\"widget\" data-settings=\"{&quot;blog_layout&quot;:&quot;custom&quot;,&quot;blog_template_id&quot;:&quot;112&quot;,&quot;columns_tablet&quot;:&quot;2&quot;,&quot;blog_post_type&quot;:&quot;projects&quot;,&quot;post_gap_column&quot;:{&quot;unit&quot;:&quot;px&quot;,&quot;size&quot;:80,&quot;sizes&quot;:[]},&quot;post_gap_column_tablet&quot;:{&quot;unit&quot;:&quot;px&quot;,&quot;size&quot;:60,&quot;sizes&quot;:[]},&quot;post_gap_row&quot;:{&quot;unit&quot;:&quot;px&quot;,&quot;size&quot;:60,&quot;sizes&quot;:[]},&quot;post_gap_row_tablet&quot;:{&quot;unit&quot;:&quot;px&quot;,&quot;size&quot;:40,&quot;sizes&quot;:[]},&quot;post_gap_row_mobile&quot;:{&quot;unit&quot;:&quot;px&quot;,&quot;size&quot;:30,&quot;sizes&quot;:[]},&quot;columns&quot;:&quot;3&quot;,&quot;columns_mobile&quot;:&quot;1&quot;,&quot;query_control_prefix&quot;:&quot;blog&quot;,&quot;post_gap_column_widescreen&quot;:{&quot;unit&quot;:&quot;px&quot;,&quot;size&quot;:&quot;&quot;,&quot;sizes&quot;:[]},&quot;post_gap_row_widescreen&quot;:{&quot;unit&quot;:&quot;px&quot;,&quot;size&quot;:&quot;&quot;,&quot;sizes&quot;:[]},&quot;border_columns_type&quot;:&quot;solid&quot;,&quot;border_vertical_width&quot;:{&quot;unit&quot;:&quot;px&quot;,&quot;size&quot;:1,&quot;sizes&quot;:[]},&quot;border_vertical_width_widescreen&quot;:{&quot;unit&quot;:&quot;px&quot;,&quot;size&quot;:&quot;&quot;,&quot;sizes&quot;:[]},&quot;border_vertical_width_tablet&quot;:{&quot;unit&quot;:&quot;px&quot;,&quot;size&quot;:&quot;&quot;,&quot;sizes&quot;:[]},&quot;border_vertical_width_mobile&quot;:{&quot;unit&quot;:&quot;px&quot;,&quot;size&quot;:&quot;&quot;,&quot;sizes&quot;:[]},&quot;border_horizontal_width&quot;:{&quot;unit&quot;:&quot;px&quot;,&quot;size&quot;:&quot;&quot;,&quot;sizes&quot;:[]},&quot;border_horizontal_width_widescreen&quot;:{&quot;unit&quot;:&quot;px&quot;,&quot;size&quot;:&quot;&quot;,&quot;sizes&quot;:[]},&quot;border_horizontal_width_tablet&quot;:{&quot;unit&quot;:&quot;px&quot;,&quot;size&quot;:&quot;&quot;,&quot;sizes&quot;:[]},&quot;border_horizontal_width_mobile&quot;:{&quot;unit&quot;:&quot;px&quot;,&quot;size&quot;:&quot;&quot;,&quot;sizes&quot;:[]},&quot;pagination_show&quot;:&quot;yes&quot;,&quot;pagination_type&quot;:&quot;pagination&quot;,&quot;pagination_via_ajax&quot;:&quot;yes&quot;,&quot;pagination_save_state&quot;:&quot;yes&quot;}\" data-widget_type=\"cmsmasters-blog-grid.default\" data-document-id=\"37791\">\n\t\t\t\t<div class=\"elementor-widget-container\">\n\t\t\t<div class=\"cmsmasters-blog cmsmasters-blog-grid cmsmasters-blog--type-default\"><div class=\"cmsmasters-blog__posts-variable\"><div class=\"cmsmasters-blog__posts-wrap\"><div class=\"cmsmasters-blog__posts\"><article id=\"post-37463\" class=\"cmsmasters-blog__post post-37463 projects type-projects status-publish has-post-thumbnail hentry\"><div class=\"cmsmasters-blog__post-inner\"><div data-elementor-type=\"cmsmasters_entry\" data-elementor-id=\"112\" class=\"elementor elementor-112\">\t\t\t<div class=\"elementor-inner\">\n\t\t\t\t<div class=\"elementor-section-wrap\">\n\t\t\t\t\t<div class=\"elementor-element elementor-element-1716a597 e-con-full e-flex cmsmasters-block-default e-con e-parent\" data-id=\"1716a597\" data-element_type=\"container\">\n\t\t\t\t<div class=\"elementor-element elementor-element-409c05e3 cmsmasters-object-fit cmsmasters-object-fit-cover cmsmasters-block-default cmsmasters-sticky-default elementor-widget elementor-widget-cmsmasters-post-featured-image cmsmasters-widget-image\" data-id=\"409c05e3\" data-element_type=\"widget\" data-widget_type=\"cmsmasters-post-featured-image.default\">\n\t\t\t\t<div class=\"elementor-widget-container\">\n\t\t\t<div class=\"cmsmasters-widget-image__wrap\"><a href=\"https:\/\/biennale.skyads.pl\/?projects=kolysanka\" data-elementor-open-lightbox=\"\" aria-label=\"Featured Image\"><img decoding=\"async\" width=\"1024\" height=\"575\" src=\"https:\/\/biennale.skyads.pl\/wp-content\/uploads\/2024\/11\/Zrzut-ekranu-2024-11-19-o-21.13.10-30x30.png\" class=\"attachment-large size-large wp-image-40626 cmsmasters_img cmsmasters-lazyload lazyload\" alt=\"\" data-sizes=\"(max-width: 1024px) 100vw, 1024px\" data-src=\"https:\/\/biennale.skyads.pl\/wp-content\/uploads\/2024\/11\/Zrzut-ekranu-2024-11-19-o-21.13.10-1024x575.png\" data-srcset=\"https:\/\/biennale.skyads.pl\/wp-content\/uploads\/2024\/11\/Zrzut-ekranu-2024-11-19-o-21.13.10-1024x575.png 1024w, https:\/\/biennale.skyads.pl\/wp-content\/uploads\/2024\/11\/Zrzut-ekranu-2024-11-19-o-21.13.10-300x168.png 300w, https:\/\/biennale.skyads.pl\/wp-content\/uploads\/2024\/11\/Zrzut-ekranu-2024-11-19-o-21.13.10-768x431.png 768w, https:\/\/biennale.skyads.pl\/wp-content\/uploads\/2024\/11\/Zrzut-ekranu-2024-11-19-o-21.13.10-1536x862.png 1536w, https:\/\/biennale.skyads.pl\/wp-content\/uploads\/2024\/11\/Zrzut-ekranu-2024-11-19-o-21.13.10-534x300.png 534w, https:\/\/biennale.skyads.pl\/wp-content\/uploads\/2024\/11\/Zrzut-ekranu-2024-11-19-o-21.13.10-600x337.png 600w, https:\/\/biennale.skyads.pl\/wp-content\/uploads\/2024\/11\/Zrzut-ekranu-2024-11-19-o-21.13.10-30x16.png 30w, https:\/\/biennale.skyads.pl\/wp-content\/uploads\/2024\/11\/Zrzut-ekranu-2024-11-19-o-21.13.10-18x10.png 18w, https:\/\/biennale.skyads.pl\/wp-content\/uploads\/2024\/11\/Zrzut-ekranu-2024-11-19-o-21.13.10.png 2020w\" srcset=\"https:\/\/biennale.skyads.pl\/wp-content\/uploads\/2024\/11\/Zrzut-ekranu-2024-11-19-o-21.13.10-300x168.png 300w, https:\/\/biennale.skyads.pl\/wp-content\/uploads\/2024\/11\/Zrzut-ekranu-2024-11-19-o-21.13.10-1024x575.png 1024w, https:\/\/biennale.skyads.pl\/wp-content\/uploads\/2024\/11\/Zrzut-ekranu-2024-11-19-o-21.13.10-768x431.png 768w, https:\/\/biennale.skyads.pl\/wp-content\/uploads\/2024\/11\/Zrzut-ekranu-2024-11-19-o-21.13.10-1536x862.png 1536w, https:\/\/biennale.skyads.pl\/wp-content\/uploads\/2024\/11\/Zrzut-ekranu-2024-11-19-o-21.13.10-534x300.png 534w, https:\/\/biennale.skyads.pl\/wp-content\/uploads\/2024\/11\/Zrzut-ekranu-2024-11-19-o-21.13.10-600x337.png 600w, https:\/\/biennale.skyads.pl\/wp-content\/uploads\/2024\/11\/Zrzut-ekranu-2024-11-19-o-21.13.10-30x16.png 30w, https:\/\/biennale.skyads.pl\/wp-content\/uploads\/2024\/11\/Zrzut-ekranu-2024-11-19-o-21.13.10-18x10.png 18w, https:\/\/biennale.skyads.pl\/wp-content\/uploads\/2024\/11\/Zrzut-ekranu-2024-11-19-o-21.13.10.png 2020w\" sizes=\"(max-width: 1024px) 100vw, 1024px\" \/><\/a><\/div>\t\t<\/div>\n\t\t\t\t<\/div>\n\t\t\t\t<div class=\"elementor-element elementor-element-47775a23 cmsmasters-line-clamp-no cmsmasters-color-variation-default cmsmasters-pointer-none cmsmasters-block-default cmsmasters-sticky-default elementor-widget elementor-widget-cmsmasters-post-title cmsmasters-widget-title\" data-id=\"47775a23\" data-element_type=\"widget\" data-widget_type=\"cmsmasters-post-title.default\">\n\t\t\t\t<div class=\"elementor-widget-container\">\n\t\t\t<h5 class=\"entry-title cmsmasters-widget-title__heading\"><a href=\"https:\/\/biennale.skyads.pl\/?projects=kolysanka\" >Ko\u0142ysanka<\/a><\/h5>\t\t<\/div>\n\t\t\t\t<\/div>\n\t\t\t\t<\/div>\n\t\t\t\t\t\t<\/div>\n\t\t\t<\/div>\n\t\t<\/div><\/div><\/article><\/div><\/div><\/div><\/div>\t\t<\/div>\n\t\t\t\t<\/div>\n\t\t\t\t\t<\/div>\n\t\t\t\t<\/div>\n\t\t\t\t<\/div>\n\t\t","protected":false},"excerpt":{"rendered":"<p>Prace, kt\u00f3re JU\u017b WIDZIELI\u015aMY Biennale Piotrk\u00f3w to przestrze\u0144, w kt\u00f3rej sztuka wsp\u00f3\u0142czesna spotyka si\u0119 z refleksj\u0105 nad najwa\u017cniejszymi zagadnieniami naszych czas\u00f3w. Ka\u017cda edycja festiwalu gromadzi prace artyst\u00f3w z r\u00f3\u017cnych zak\u0105tk\u00f3w \u015bwiata, prezentuj\u0105c r\u00f3\u017cnorodne spojrzenia na kluczowe tematy spo\u0142eczne, filozoficzne i kulturowe. Poznaj artystyczn\u0105 r\u00f3\u017cnorodno\u015b\u0107, kt\u00f3ra buduje to\u017csamo\u015b\u0107 Biennale Piotrk\u00f3w, inspiruj\u0105c do dyskusji i otwieraj\u0105c nowe&#8230;<\/p>\n","protected":false},"author":1,"featured_media":0,"parent":0,"menu_order":0,"comment_status":"closed","ping_status":"closed","template":"","meta":{"_acf_changed":false,"footnotes":""},"class_list":["post-37791","page","type-page","status-publish","hentry"],"acf":[],"_links":{"self":[{"href":"https:\/\/biennale.skyads.pl\/index.php?rest_route=\/wp\/v2\/pages\/37791","targetHints":{"allow":["GET"]}}],"collection":[{"href":"https:\/\/biennale.skyads.pl\/index.php?rest_route=\/wp\/v2\/pages"}],"about":[{"href":"https:\/\/biennale.skyads.pl\/index.php?rest_route=\/wp\/v2\/types\/page"}],"author":[{"embeddable":true,"href":"https:\/\/biennale.skyads.pl\/index.php?rest_route=\/wp\/v2\/users\/1"}],"replies":[{"embeddable":true,"href":"https:\/\/biennale.skyads.pl\/index.php?rest_route=%2Fwp%2Fv2%2Fcomments&post=37791"}],"version-history":[{"count":17,"href":"https:\/\/biennale.skyads.pl\/index.php?rest_route=\/wp\/v2\/pages\/37791\/revisions"}],"predecessor-version":[{"id":40757,"href":"https:\/\/biennale.skyads.pl\/index.php?rest_route=\/wp\/v2\/pages\/37791\/revisions\/40757"}],"wp:attachment":[{"href":"https:\/\/biennale.skyads.pl\/index.php?rest_route=%2Fwp%2Fv2%2Fmedia&parent=37791"}],"curies":[{"name":"wp","href":"https:\/\/api.w.org\/{rel}","templated":true}]}}