{"id":36788,"date":"2024-04-24T17:44:28","date_gmt":"2024-04-24T17:44:28","guid":{"rendered":"https:\/\/theme-dev.cmsmasters.net\/archdeco\/?page_id=36788"},"modified":"2024-11-20T02:57:00","modified_gmt":"2024-11-20T01:57:00","slug":"contacts","status":"publish","type":"page","link":"https:\/\/biennale.skyads.pl\/?page_id=36788","title":{"rendered":"Contacts"},"content":{"rendered":"\t\t<div data-elementor-type=\"wp-page\" data-elementor-id=\"36788\" class=\"elementor elementor-36788\">\n\t\t\t\t<div class=\"elementor-element elementor-element-db08bd2 e-con-full e-flex cmsmasters-block-default e-con e-parent\" data-id=\"db08bd2\" data-element_type=\"container\">\n\t\t<div class=\"elementor-element elementor-element-665b377 e-con-full e-flex cmsmasters-block-default e-con e-child\" data-id=\"665b377\" data-element_type=\"container\" data-settings=\"{&quot;background_background&quot;:&quot;classic&quot;}\">\n\t\t<div class=\"elementor-element elementor-element-dcb23d2 e-con-full e-flex cmsmasters-block-default e-con e-child\" data-id=\"dcb23d2\" data-element_type=\"container\">\n\t\t\t\t<div class=\"elementor-element elementor-element-cf8fed8 cmsmasters-featured-box__graphic-align-left cmsmasters-featured-box__graphic-position-row cmsmasters-featured-box__graphic-position-v-middle elementor-widget__width-auto elementor-absolute cmsmasters-effect cmsmasters-effect-type-transform cmsmasters-featured-box__graphic-position-tablet-row cmsmasters-featured-box__graphic-position-mobile-row cmsmasters-featured-box__text-valign-top cmsmasters-block-default cmsmasters-sticky-default elementor-widget elementor-widget-cmsmasters-featured-box\" data-id=\"cf8fed8\" data-element_type=\"widget\" data-settings=\"{&quot;_position&quot;:&quot;absolute&quot;,&quot;cms_transform_hover_type&quot;:&quot;element&quot;}\" data-widget_type=\"cmsmasters-featured-box.default\">\n\t\t\t\t<div class=\"elementor-widget-container\">\n\t\t\t<div class=\"elementor-widget-cmsmasters-featured-box__wrapper\"><div class=\"elementor-widget-cmsmasters-featured-box__content\">\n\t\t\t\t<div class=\"elementor-widget-cmsmasters-featured-box__content-vertical-inner\"><div class=\"elementor-widget-cmsmasters-featured-box__graphic-wrapper elementor-widget-cmsmasters-featured-box__content-item elementor-widget-cmsmasters-featured-box__icon\"><span class=\"elementor-widget-cmsmasters-featured-box__title elementor-widget-cmsmasters-featured-box__content-item\">Skontaktuj si\u0119 z nami<\/span><div class=\"elementor-widget-cmsmasters-featured-box__icon-wrap elementor-widget-cmsmasters-featured-box__graphic-item\"><svg class=\"e-font-icon-svg e-fas-circle\" viewBox=\"0 0 512 512\" xmlns=\"http:\/\/www.w3.org\/2000\/svg\"><path d=\"M256 8C119 8 8 119 8 256s111 248 248 248 248-111 248-248S393 8 256 8z\"><\/path><\/svg><\/div><\/div><div class=\"elementor-widget-cmsmasters-featured-box__type-wrap elementor-widget-cmsmasters-featured-box__content-item\"><span class=\"elementor-widget-cmsmasters-featured-box__title elementor-widget-cmsmasters-featured-box__content-item\">Skontaktuj si\u0119 z nami<\/span><\/div>\n\t\t\t\t<\/div>\n\t\t\t<\/div>\n\t\t<\/div>\t\t<\/div>\n\t\t\t\t<\/div>\n\t\t<div class=\"elementor-element elementor-element-64ba3c3 e-flex e-con-boxed cmsmasters-block-default e-con e-child\" data-id=\"64ba3c3\" data-element_type=\"container\">\n\t\t\t\t\t<div class=\"e-con-inner\">\n\t\t\t\t<div class=\"elementor-element elementor-element-9758fc6 cmsmasters-block-default cmsmasters-sticky-default elementor-widget elementor-widget-heading\" data-id=\"9758fc6\" data-element_type=\"widget\" data-widget_type=\"heading.default\">\n\t\t\t\t<div class=\"elementor-widget-container\">\n\t\t\t<h1 class=\"elementor-heading-title elementor-size-default\">kontakt <br>w sprawie  Biennale<\/h1>\t\t<\/div>\n\t\t\t\t<\/div>\n\t\t\t\t<div class=\"elementor-element elementor-element-000fc5f cmsmasters-block-default cmsmasters-sticky-default elementor-widget elementor-widget-text-editor\" data-id=\"000fc5f\" data-element_type=\"widget\" data-widget_type=\"text-editor.default\">\n\t\t\t\t<div class=\"elementor-widget-container\">\n\t\t\t\t\t\t\t<p>Jeste\u015b artyst\u0105 i chcia\u0142by\u015b wzi\u0105\u0107 udzia\u0142 w naszej kolejnej edycji, zach\u0119camy do wype\u0142nienia formularza zg\u0142oszeniowego. To Twoja szansa, aby zaprezentowa\u0107 swoje dzie\u0142a na mi\u0119dzynarodowej scenie sztuki wsp\u00f3\u0142czesnej!<\/p>\t\t\t\t\t\t<\/div>\n\t\t\t\t<\/div>\n\t\t\t\t\t<\/div>\n\t\t\t\t<\/div>\n\t\t\t\t<\/div>\n\t\t\t\t<\/div>\n\t\t<div class=\"elementor-element elementor-element-7c65aeb e-con-full e-flex cmsmasters-bg-hide-none cmsmasters-bg-hide-none cmsmasters-block-default e-con e-child\" data-id=\"7c65aeb\" data-element_type=\"container\" data-settings=\"{&quot;background_background&quot;:&quot;classic&quot;}\">\n\t\t\t\t<div class=\"elementor-element elementor-element-e727e28 cmsmasters-block-default cmsmasters-sticky-default elementor-widget elementor-widget-spacer\" data-id=\"e727e28\" data-element_type=\"widget\" data-widget_type=\"spacer.default\">\n\t\t\t\t<div class=\"elementor-widget-container\">\n\t\t\t\t\t<div class=\"elementor-spacer\">\n\t\t\t<div class=\"elementor-spacer-inner\"><\/div>\n\t\t<\/div>\n\t\t\t\t<\/div>\n\t\t\t\t<\/div>\n\t\t\t\t<div class=\"elementor-element elementor-element-a368697 cmsmasters-button-align-left elementor-widget__width-initial cmsmasters-effect cmsmasters-effect-type-tilt cmsmasters-icon-arrangement-together cmsmasters-tilt-axis-both cmsmasters-tilt-event-area-window cmsmasters-tilt-direction-reverse cmsmasters-tilt-shift-direction-default cmsmasters-tilt-reset-yes cmsmasters-block-default cmsmasters-sticky-default elementor-invisible elementor-widget elementor-widget-cmsmasters-button\" data-id=\"a368697\" data-element_type=\"widget\" data-settings=\"{&quot;_animation&quot;:&quot;zoomIn&quot;,&quot;cms_tilt_angle&quot;:{&quot;unit&quot;:&quot;px&quot;,&quot;size&quot;:0,&quot;sizes&quot;:[]},&quot;cms_tilt_shift&quot;:{&quot;unit&quot;:&quot;px&quot;,&quot;size&quot;:0.3,&quot;sizes&quot;:[]},&quot;cms_tilt_devices&quot;:[&quot;desktop&quot;,&quot;tablet&quot;],&quot;cms_tilt_scale&quot;:{&quot;unit&quot;:&quot;px&quot;,&quot;size&quot;:1,&quot;sizes&quot;:[]},&quot;cms_tilt_glare&quot;:{&quot;unit&quot;:&quot;px&quot;,&quot;size&quot;:&quot;&quot;,&quot;sizes&quot;:[]},&quot;cms_tilt_speed&quot;:{&quot;unit&quot;:&quot;px&quot;,&quot;size&quot;:1,&quot;sizes&quot;:[]}}\" data-widget_type=\"cmsmasters-button.default\">\n\t\t\t\t<div class=\"elementor-widget-container\">\n\t\t\t<div class=\"elementor-widget-cmsmasters-button__button-container\"><div class=\"elementor-widget-cmsmasters-button__button-container-inner\"><a href=\"https:\/\/archdeco.cmsmasters.net\/agency-portfolio\/contacts\/\" class=\"cmsmasters-button-link elementor-widget-cmsmasters-button__button cmsmasters-icon-view-default cmsmasters-icon-shape- cmsmasters-button-size-sm\" role=\"button\"><span class=\"elementor-widget-cmsmasters-button__content-wrapper cmsmasters-align-icon-right\"><span class=\"elementor-widget-cmsmasters-button__icon\"><i aria-hidden=\"true\" class=\"cmsdemo-icon- cms-demo-icon-bitton-arrow\"><\/i><\/span><span class=\"elementor-widget-cmsmasters-button__text\">Zg\u0142oszenie<\/span><\/span><\/a><\/div><\/div>\t\t<\/div>\n\t\t\t\t<\/div>\n\t\t\t\t<\/div>\n\t\t\t\t<\/div>\n\t\t<div class=\"elementor-element elementor-element-0e50e40 e-flex e-con-boxed cmsmasters-block-default e-con e-parent\" data-id=\"0e50e40\" data-element_type=\"container\">\n\t\t\t\t\t<div class=\"e-con-inner\">\n\t\t<div class=\"elementor-element elementor-element-b739a3f e-con-full e-flex cmsmasters-bg-hide-none cmsmasters-bg-hide-none cmsmasters-block-default e-con e-child\" data-id=\"b739a3f\" data-element_type=\"container\" data-settings=\"{&quot;background_background&quot;:&quot;classic&quot;}\">\n\t\t\t\t<div class=\"elementor-element elementor-element-f485b86 cmsmasters-block-default cmsmasters-sticky-default elementor-widget elementor-widget-spacer\" data-id=\"f485b86\" data-element_type=\"widget\" data-widget_type=\"spacer.default\">\n\t\t\t\t<div class=\"elementor-widget-container\">\n\t\t\t\t\t<div class=\"elementor-spacer\">\n\t\t\t<div class=\"elementor-spacer-inner\"><\/div>\n\t\t<\/div>\n\t\t\t\t<\/div>\n\t\t\t\t<\/div>\n\t\t\t\t<\/div>\n\t\t<div class=\"elementor-element elementor-element-36efec0 e-con-full e-flex cmsmasters-block-default e-con e-child\" data-id=\"36efec0\" data-element_type=\"container\">\n\t\t\t\t<div class=\"elementor-element elementor-element-1db3644 cmsmasters-block-default cmsmasters-sticky-default elementor-widget elementor-widget-heading\" data-id=\"1db3644\" data-element_type=\"widget\" data-widget_type=\"heading.default\">\n\t\t\t\t<div class=\"elementor-widget-container\">\n\t\t\t<h2 class=\"elementor-heading-title elementor-size-default\">Napisz do nas<\/h2>\t\t<\/div>\n\t\t\t\t<\/div>\n\t\t\t\t<div class=\"elementor-element elementor-element-97fbc57 cmsmasters-block-default cmsmasters-sticky-default elementor-widget elementor-widget-text-editor\" data-id=\"97fbc57\" data-element_type=\"widget\" data-widget_type=\"text-editor.default\">\n\t\t\t\t<div class=\"elementor-widget-container\">\n\t\t\t\t\t\t\t<p>Masz pytania dotycz\u0105ce Biennale Piotrk\u00f3w? Chcesz dowiedzie\u0107 si\u0119 wi\u0119cej o festiwalu, wystawach lub zasadach uczestnictwa? Zapraszamy do kontaktu poprzez formularz \u2013 ch\u0119tnie odpowiemy na Twoje wiadomo\u015bci!<\/p>\t\t\t\t\t\t<\/div>\n\t\t\t\t<\/div>\n\t\t\t\t<div class=\"elementor-element elementor-element-e26c037 cmsmasters-block-default cmsmasters-sticky-default elementor-widget elementor-widget-cmsmasters-forminator\" data-id=\"e26c037\" data-element_type=\"widget\" data-settings=\"{&quot;form_list&quot;:&quot;34&quot;}\" data-widget_type=\"cmsmasters-forminator.default\">\n\t\t\t\t<div class=\"elementor-widget-container\">\n\t\t\t<div class=\"elementor-widget-cmsmasters-contact-form__wrapper elementor-widget-cmsmasters-contact-form cmsmasters-default-color cmsmasters-default-font\" id=\"cmsmasters-widget-form-e26c037\">\n\t\t\t<div class=\"elementor-widget-cmsmasters-contact-form__inner\"><div class=\"forminator-ui forminator-custom-form forminator-custom-form-34 forminator-design--default forminator-custom forminator_ajax\" data-forminator-render=\"0\" data-form=\"forminator-module-34\" data-uid=\"69e2299aa0fcd\"><br\/><\/div><form\n\t\t\t\tid=\"forminator-module-34\"\n\t\t\t\tclass=\"forminator-ui forminator-custom-form forminator-custom-form-34 forminator-design--default forminator-custom forminator_ajax\"\n\t\t\t\tmethod=\"post\"\n\t\t\t\tdata-forminator-render=\"0\"\n\t\t\t\tdata-form-id=\"34\"\n\t\t\t\t\n\t\t\t\tdata-design=\"default\"\n\t\t\t\t\n\t\t\t\t\n\t\t\t\t\n\t\t\t\tdata-grid=\"custom\"\n\t\t\t\tenctype=\"multipart\/form-data\"\n\t\t\t\t\n\t\t\t\tstyle=\"display: none;\"\n\t\t\t\t\n\t\t\t\tdata-uid=\"69e2299aa0fcd\"\n\t\t\t><div role=\"alert\" aria-live=\"polite\" class=\"forminator-response-message forminator-error\" aria-hidden=\"true\"><\/div><div class=\"forminator-row\"><div id=\"name-1\" class=\"forminator-field-name forminator-col forminator-col-6 \"><div class=\"forminator-field\"><input type=\"text\" name=\"name-1\" value=\"\" placeholder=\"Imi\u0119\" id=\"forminator-field-name-1_69e2299aa0fcd\" class=\"forminator-input forminator-name--field\" aria-required=\"true\" \/><\/div><\/div><div id=\"email-1\" class=\"forminator-field-email forminator-col forminator-col-6 \"><div class=\"forminator-field\"><input type=\"email\" name=\"email-1\" value=\"\" placeholder=\"E-Mail\" id=\"forminator-field-email-1_69e2299aa0fcd\" class=\"forminator-input forminator-email--field\" data-required=\"1\" aria-required=\"true\" \/><\/div><\/div><\/div><div class=\"forminator-row\"><div id=\"phone-1\" class=\"forminator-field-phone forminator-col forminator-col-12 \"><div class=\"forminator-field\"><label for=\"forminator-field-phone-1_69e2299aa0fcd\" id=\"forminator-field-phone-1_69e2299aa0fcd-label\" class=\"forminator-label\">Numer telefonu<\/label><input type=\"text\" name=\"phone-1\" value=\"\" placeholder=\"Przyk\u0142ad: +48 300 400 5000\" id=\"forminator-field-phone-1_69e2299aa0fcd\" class=\"forminator-input forminator-field--phone\" data-required=\"\" aria-required=\"false\" autocomplete=\"off\" \/><\/div><\/div><\/div><div class=\"forminator-row\"><div id=\"textarea-1\" class=\"forminator-field-textarea forminator-col forminator-col-12 \"><div class=\"forminator-field\"><textarea name=\"textarea-1\" placeholder=\"Tre\u015b\u0107 wiadomo\u015bci\" id=\"forminator-field-textarea-1_69e2299aa0fcd\" class=\"forminator-textarea\" rows=\"6\" style=\"min-height:140px;\" ><\/textarea><\/div><\/div><\/div><div class=\"forminator-row\"><div id=\"upload-1\" class=\"forminator-field-upload forminator-col forminator-col-12 \"><div class=\"forminator-field\"><label for=\"forminator-field-upload-1_69e2299aa0fcd\" id=\"forminator-field-upload-1_69e2299aa0fcd-label\" class=\"forminator-label\">W przypadku zg\u0142oszenia konkursowego za\u0142\u0105cz formularz<\/label><div class=\"forminator-file-upload \" data-element=\"upload-1_69e2299aa0fcd\"><input type=\"file\" name=\"upload-1\" id=\"forminator-field-upload-1_69e2299aa0fcd\" class=\"forminator-input-file\" accept=\".jpg,.jpeg,.jpe,.png,.gif,.mov,.qt,.avif,.avi,.mpeg,.mpg,.mpe,.3gp,.3gpp,.3g2,.3gp2,.mid,.midi,.pdf,.doc,.docx,.docm,.pot,.pps,.ppt,.pptx,.pptm,.odt,.ppsx,.ppsm,.xla,.xls,.xlt,.xlw,.xlsx,.xlsm,.xlsb,.key,.mp3,.m4a,.m4b,.ogg,.oga,.flac,.wav,.mp4,.m4v,.webm,.ogv,.flv,.webp,.wie,.svg,.svgz\"><button id=\"forminator-field-upload-1_69e2299aa0fcd_button\" class=\"forminator-button forminator-button-upload\" data-id=\"forminator-field-upload-1_69e2299aa0fcd\">Choose File<\/button><span data-empty-text=\"No file chosen\">No file chosen<\/span><button class=\"forminator-button-delete\" style=\"display: none;\"><i class=\"forminator-icon-close\" aria-hidden=\"true\"><\/i><span class=\"forminator-screen-reader-only\">Delete uploaded file<\/span><\/button><\/div><\/div><\/div><\/div><input type=\"hidden\" name=\"referer_url\" value=\"\" \/><div class=\"forminator-row forminator-row-last\"><div class=\"forminator-col\"><div class=\"forminator-field\"><button class=\"forminator-button forminator-button-submit\">Wy\u015blij wiadomo\u015b\u0107<\/button><\/div><\/div><\/div><input type=\"hidden\" id=\"forminator_nonce\" name=\"forminator_nonce\" value=\"e1b2d800dc\" \/><input type=\"hidden\" name=\"_wp_http_referer\" value=\"\/index.php?rest_route=%2Fwp%2Fv2%2Fpages%2F36788\" \/><input type=\"hidden\" name=\"form_id\" value=\"34\"><input type=\"hidden\" name=\"page_id\" value=\"36788\"><input type=\"hidden\" name=\"form_type\" value=\"default\"><input type=\"hidden\" name=\"current_url\" value=\"https:\/\/biennale.skyads.pl\/?page_id=36788\"><input type=\"hidden\" name=\"render_id\" value=\"0\"><input type=\"hidden\" name=\"action\" value=\"forminator_submit_form_custom-forms\"><\/form><\/div>\n\t\t<\/div>\t\t<\/div>\n\t\t\t\t<\/div>\n\t\t\t\t<\/div>\n\t\t\t\t\t<\/div>\n\t\t\t\t<\/div>\n\t\t<section class=\"elementor-element elementor-element-fadbd4d e-flex e-con-boxed cmsmasters-block-default e-con e-parent\" data-id=\"fadbd4d\" data-element_type=\"container\">\n\t\t\t\t\t<div class=\"e-con-inner\">\n\t\t<div class=\"elementor-element elementor-element-7488f3e e-con-full e-flex cmsmasters-block-default e-con e-child\" data-id=\"7488f3e\" data-element_type=\"container\" data-settings=\"{&quot;background_background&quot;:&quot;classic&quot;}\">\n\t\t<div class=\"elementor-element elementor-element-a80e632 e-flex e-con-boxed cmsmasters-block-default e-con e-child\" data-id=\"a80e632\" data-element_type=\"container\">\n\t\t\t\t\t<div class=\"e-con-inner\">\n\t\t\t\t<div class=\"elementor-element elementor-element-a8c724e cmsmasters-featured-box__graphic-align-left cmsmasters-featured-box__graphic-position-row cmsmasters-featured-box__text-valign-top cmsmasters-featured-box__graphic-position-tablet-row cmsmasters-featured-box__graphic-position-mobile-row cmsmasters-featured-box__graphic-position-v-top cmsmasters-block-default cmsmasters-sticky-default elementor-invisible elementor-widget elementor-widget-cmsmasters-featured-box\" data-id=\"a8c724e\" data-element_type=\"widget\" data-settings=\"{&quot;_animation&quot;:&quot;fadeIn&quot;}\" data-widget_type=\"cmsmasters-featured-box.default\">\n\t\t\t\t<div class=\"elementor-widget-container\">\n\t\t\t<div class=\"elementor-widget-cmsmasters-featured-box__wrapper\"><div class=\"elementor-widget-cmsmasters-featured-box__content\">\n\t\t\t\t<div class=\"elementor-widget-cmsmasters-featured-box__content-vertical-inner\"><div class=\"elementor-widget-cmsmasters-featured-box__graphic-wrapper elementor-widget-cmsmasters-featured-box__content-item elementor-widget-cmsmasters-featured-box__icon\"><h3 class=\"elementor-widget-cmsmasters-featured-box__title elementor-widget-cmsmasters-featured-box__content-item\">Kontakt telefoniczny<\/h3><div class=\"elementor-widget-cmsmasters-featured-box__icon-wrap elementor-widget-cmsmasters-featured-box__graphic-item\"><i class=\"cmsdemo-icon- cms-demo-icon-bitton-arrow\"><\/i><\/div><\/div><div class=\"elementor-widget-cmsmasters-featured-box__type-wrap elementor-widget-cmsmasters-featured-box__content-item\"><h3 class=\"elementor-widget-cmsmasters-featured-box__title elementor-widget-cmsmasters-featured-box__content-item\">Kontakt telefoniczny<\/h3><div class=\"elementor-widget-cmsmasters-featured-box__description elementor-widget-cmsmasters-featured-box__content-item\"><a href=\"tel:+48 44 733 93 88\">+48 44 733 93 88<\/a><br>\n<a href=\"tel:44 649 52 64\">44 649 52 64<\/a><br><\/div><\/div>\n\t\t\t\t<\/div>\n\t\t\t<\/div>\n\t\t<\/div>\t\t<\/div>\n\t\t\t\t<\/div>\n\t\t\t\t<div class=\"elementor-element elementor-element-9c8d493 cmsmasters-featured-box__graphic-align-left cmsmasters-featured-box__graphic-position-row cmsmasters-featured-box__text-valign-top cmsmasters-featured-box__graphic-position-tablet-row cmsmasters-featured-box__graphic-position-mobile-row cmsmasters-featured-box__graphic-position-v-top cmsmasters-block-default cmsmasters-sticky-default elementor-invisible elementor-widget elementor-widget-cmsmasters-featured-box\" data-id=\"9c8d493\" data-element_type=\"widget\" data-settings=\"{&quot;_animation&quot;:&quot;fadeInDown&quot;,&quot;_animation_delay&quot;:100}\" data-widget_type=\"cmsmasters-featured-box.default\">\n\t\t\t\t<div class=\"elementor-widget-container\">\n\t\t\t<div class=\"elementor-widget-cmsmasters-featured-box__wrapper\"><div class=\"elementor-widget-cmsmasters-featured-box__content\">\n\t\t\t\t<div class=\"elementor-widget-cmsmasters-featured-box__content-vertical-inner\"><div class=\"elementor-widget-cmsmasters-featured-box__graphic-wrapper elementor-widget-cmsmasters-featured-box__content-item elementor-widget-cmsmasters-featured-box__icon\"><h3 class=\"elementor-widget-cmsmasters-featured-box__title elementor-widget-cmsmasters-featured-box__content-item\">Kontakt mailowy<\/h3><div class=\"elementor-widget-cmsmasters-featured-box__icon-wrap elementor-widget-cmsmasters-featured-box__graphic-item\"><i class=\"cmsdemo-icon- cms-demo-icon-bitton-arrow\"><\/i><\/div><\/div><div class=\"elementor-widget-cmsmasters-featured-box__type-wrap elementor-widget-cmsmasters-featured-box__content-item\"><h3 class=\"elementor-widget-cmsmasters-featured-box__title elementor-widget-cmsmasters-featured-box__content-item\">Kontakt mailowy<\/h3><div class=\"elementor-widget-cmsmasters-featured-box__description elementor-widget-cmsmasters-featured-box__content-item\"><a href=\"mailto:oda@odaart.pl\">oda@odaart.pl<\/a> - mail og\u00f3lny<br><a href=\"mailto:biennale@odaart.pl\">biennale@odaart.pl<\/a> - mail do zg\u0142osze\u0144<\/div><\/div>\n\t\t\t\t<\/div>\n\t\t\t<\/div>\n\t\t<\/div>\t\t<\/div>\n\t\t\t\t<\/div>\n\t\t\t\t<div class=\"elementor-element elementor-element-7052be8 cmsmasters-featured-box__graphic-align-left cmsmasters-featured-box__graphic-position-row cmsmasters-featured-box__text-valign-top cmsmasters-featured-box__graphic-position-tablet-row cmsmasters-featured-box__graphic-position-mobile-row cmsmasters-featured-box__graphic-position-v-top cmsmasters-block-default cmsmasters-sticky-default elementor-invisible elementor-widget elementor-widget-cmsmasters-featured-box\" data-id=\"7052be8\" data-element_type=\"widget\" data-settings=\"{&quot;_animation&quot;:&quot;fadeInDown&quot;,&quot;_animation_delay&quot;:200}\" data-widget_type=\"cmsmasters-featured-box.default\">\n\t\t\t\t<div class=\"elementor-widget-container\">\n\t\t\t<div class=\"elementor-widget-cmsmasters-featured-box__wrapper\"><div class=\"elementor-widget-cmsmasters-featured-box__content\">\n\t\t\t\t<div class=\"elementor-widget-cmsmasters-featured-box__content-vertical-inner\"><div class=\"elementor-widget-cmsmasters-featured-box__graphic-wrapper elementor-widget-cmsmasters-featured-box__content-item elementor-widget-cmsmasters-featured-box__icon\"><h3 class=\"elementor-widget-cmsmasters-featured-box__title elementor-widget-cmsmasters-featured-box__content-item\">Dane adresowe<\/h3><div class=\"elementor-widget-cmsmasters-featured-box__icon-wrap elementor-widget-cmsmasters-featured-box__graphic-item\"><i class=\"cmsdemo-icon- cms-demo-icon-bitton-arrow\"><\/i><\/div><\/div><div class=\"elementor-widget-cmsmasters-featured-box__type-wrap elementor-widget-cmsmasters-featured-box__content-item\"><h3 class=\"elementor-widget-cmsmasters-featured-box__title elementor-widget-cmsmasters-featured-box__content-item\">Dane adresowe<\/h3><div class=\"elementor-widget-cmsmasters-featured-box__description elementor-widget-cmsmasters-featured-box__content-item\">ul. Jaros\u0142awa D\u0105browskiego 5<br>\n97-300 Piotrk\u00f3w\nTrybunalski<\/div><\/div>\n\t\t\t\t<\/div>\n\t\t\t<\/div>\n\t\t<\/div>\t\t<\/div>\n\t\t\t\t<\/div>\n\t\t\t\t<div class=\"elementor-element elementor-element-7e52e12 cmsmasters-featured-box__graphic-align-left cmsmasters-featured-box__graphic-position-row cmsmasters-featured-box__text-valign-top cmsmasters-featured-box__graphic-position-tablet-row cmsmasters-featured-box__graphic-position-mobile-row cmsmasters-featured-box__graphic-position-v-top cmsmasters-block-default cmsmasters-sticky-default elementor-invisible elementor-widget elementor-widget-cmsmasters-featured-box\" data-id=\"7e52e12\" data-element_type=\"widget\" data-settings=\"{&quot;_animation&quot;:&quot;fadeInDown&quot;,&quot;_animation_delay&quot;:300}\" data-widget_type=\"cmsmasters-featured-box.default\">\n\t\t\t\t<div class=\"elementor-widget-container\">\n\t\t\t<div class=\"elementor-widget-cmsmasters-featured-box__wrapper\"><div class=\"elementor-widget-cmsmasters-featured-box__content\">\n\t\t\t\t<div class=\"elementor-widget-cmsmasters-featured-box__content-vertical-inner\"><div class=\"elementor-widget-cmsmasters-featured-box__graphic-wrapper elementor-widget-cmsmasters-featured-box__content-item elementor-widget-cmsmasters-featured-box__icon\"><h3 class=\"elementor-widget-cmsmasters-featured-box__title elementor-widget-cmsmasters-featured-box__content-item\">Dane firmowe<\/h3><div class=\"elementor-widget-cmsmasters-featured-box__icon-wrap elementor-widget-cmsmasters-featured-box__graphic-item\"><i class=\"cmsdemo-icon- cms-demo-icon-bitton-arrow\"><\/i><\/div><\/div><div class=\"elementor-widget-cmsmasters-featured-box__type-wrap elementor-widget-cmsmasters-featured-box__content-item\"><h3 class=\"elementor-widget-cmsmasters-featured-box__title elementor-widget-cmsmasters-featured-box__content-item\">Dane firmowe<\/h3><div class=\"elementor-widget-cmsmasters-featured-box__description elementor-widget-cmsmasters-featured-box__content-item\">NIP 771 23 71 038<br>\nREGON 000788152<\/div><\/div>\n\t\t\t\t<\/div>\n\t\t\t<\/div>\n\t\t<\/div>\t\t<\/div>\n\t\t\t\t<\/div>\n\t\t\t\t\t<\/div>\n\t\t\t\t<\/div>\n\t\t\t\t<\/div>\n\t\t<div class=\"elementor-element elementor-element-5a08fdf e-con-full e-flex cmsmasters-block-default e-con e-child\" data-id=\"5a08fdf\" data-element_type=\"container\">\n\t\t\t\t<div class=\"elementor-element elementor-element-3e2b742 cmsmasters-block-default cmsmasters-sticky-default elementor-widget elementor-widget-google_maps\" data-id=\"3e2b742\" data-element_type=\"widget\" data-widget_type=\"google_maps.default\">\n\t\t\t\t<div class=\"elementor-widget-container\">\n\t\t\t\t\t<div class=\"elementor-custom-embed\">\n\t\t\t<iframe loading=\"lazy\"\n\t\t\t\t\tsrc=\"https:\/\/maps.google.com\/maps?q=London%20Eye%2C%20London%2C%20United%20Kingdom&#038;t=m&#038;z=15&#038;output=embed&#038;iwloc=near\"\n\t\t\t\t\ttitle=\"London Eye, London, United Kingdom\"\n\t\t\t\t\taria-label=\"London Eye, London, United Kingdom\"\n\t\t\t><\/iframe>\n\t\t<\/div>\n\t\t\t\t<\/div>\n\t\t\t\t<\/div>\n\t\t\t\t<\/div>\n\t\t\t\t\t<\/div>\n\t\t\t\t<\/section>\n\t\t\t\t<\/div>\n\t\t","protected":false},"excerpt":{"rendered":"<p>Skontaktuj si\u0119 z namiSkontaktuj si\u0119 z nami kontakt w sprawie Biennale Jeste\u015b artyst\u0105 i chcia\u0142by\u015b wzi\u0105\u0107 udzia\u0142 w naszej kolejnej edycji, zach\u0119camy do wype\u0142nienia formularza zg\u0142oszeniowego. To Twoja szansa, aby zaprezentowa\u0107 swoje dzie\u0142a na mi\u0119dzynarodowej scenie sztuki wsp\u00f3\u0142czesnej! Zg\u0142oszenie Napisz do nas Masz pytania dotycz\u0105ce Biennale Piotrk\u00f3w? Chcesz dowiedzie\u0107 si\u0119 wi\u0119cej o festiwalu, wystawach lub&#8230;<\/p>\n","protected":false},"author":1,"featured_media":0,"parent":0,"menu_order":0,"comment_status":"closed","ping_status":"closed","template":"","meta":{"_acf_changed":false,"footnotes":""},"class_list":["post-36788","page","type-page","status-publish","hentry"],"acf":[],"_links":{"self":[{"href":"https:\/\/biennale.skyads.pl\/index.php?rest_route=\/wp\/v2\/pages\/36788","targetHints":{"allow":["GET"]}}],"collection":[{"href":"https:\/\/biennale.skyads.pl\/index.php?rest_route=\/wp\/v2\/pages"}],"about":[{"href":"https:\/\/biennale.skyads.pl\/index.php?rest_route=\/wp\/v2\/types\/page"}],"author":[{"embeddable":true,"href":"https:\/\/biennale.skyads.pl\/index.php?rest_route=\/wp\/v2\/users\/1"}],"replies":[{"embeddable":true,"href":"https:\/\/biennale.skyads.pl\/index.php?rest_route=%2Fwp%2Fv2%2Fcomments&post=36788"}],"version-history":[{"count":46,"href":"https:\/\/biennale.skyads.pl\/index.php?rest_route=\/wp\/v2\/pages\/36788\/revisions"}],"predecessor-version":[{"id":40840,"href":"https:\/\/biennale.skyads.pl\/index.php?rest_route=\/wp\/v2\/pages\/36788\/revisions\/40840"}],"wp:attachment":[{"href":"https:\/\/biennale.skyads.pl\/index.php?rest_route=%2Fwp%2Fv2%2Fmedia&parent=36788"}],"curies":[{"name":"wp","href":"https:\/\/api.w.org\/{rel}","templated":true}]}}